{"id":516,"date":"2026-01-26T11:36:43","date_gmt":"2026-01-26T10:36:43","guid":{"rendered":"https:\/\/lozdog.com\/?page_id=516"},"modified":"2026-01-26T11:48:52","modified_gmt":"2026-01-26T10:48:52","slug":"nos-partenaires","status":"publish","type":"page","link":"https:\/\/lozdog.com\/index.php\/nos-partenaires\/","title":{"rendered":"Nos partenaires"},"content":{"rendered":"\n<p>Le Festival Loz\u2019Dog est rendu possible gr\u00e2ce au soutien de partenaires engag\u00e9s, qui partagent nos valeurs de <strong>bien-\u00eatre, sant\u00e9 et complicit\u00e9 avec les chiens<\/strong>. Leur contribution nous permet de proposer des <strong>animations, concours originaux et un village d\u2019exposants de qualit\u00e9<\/strong>, tout en offrant une exp\u00e9rience <strong>conviviale, ludique et solidaire<\/strong> pour tous les participants.<\/p>\n\n\n\n<p><\/p>\n\n\n","protected":false},"excerpt":{"rendered":"<p>Le Festival Loz\u2019Dog est rendu possible gr\u00e2ce au soutien de partenaires engag\u00e9s, qui partagent nos valeurs de bien-\u00eatre, sant\u00e9 et complicit\u00e9 avec les chiens. Leur contribution nous permet de proposer des animations, concours originaux et un village d\u2019exposants de qualit\u00e9, tout en offrant une exp\u00e9rience conviviale, ludique et solidaire pour tous les participants.<\/p>\n","protected":false},"author":1,"featured_media":0,"parent":0,"menu_order":0,"comment_status":"closed","ping_status":"closed","template":"","meta":{"saved_in_kubio":true,"footnotes":""},"class_list":["post-516","page","type-page","status-publish","hentry"],"kubio_ai_page_context":{"short_desc":"","purpose":"general"},"_links":{"self":[{"href":"https:\/\/lozdog.com\/index.php\/wp-json\/wp\/v2\/pages\/516","targetHints":{"allow":["GET"]}}],"collection":[{"href":"https:\/\/lozdog.com\/index.php\/wp-json\/wp\/v2\/pages"}],"about":[{"href":"https:\/\/lozdog.com\/index.php\/wp-json\/wp\/v2\/types\/page"}],"author":[{"embeddable":true,"href":"https:\/\/lozdog.com\/index.php\/wp-json\/wp\/v2\/users\/1"}],"replies":[{"embeddable":true,"href":"https:\/\/lozdog.com\/index.php\/wp-json\/wp\/v2\/comments?post=516"}],"version-history":[{"count":2,"href":"https:\/\/lozdog.com\/index.php\/wp-json\/wp\/v2\/pages\/516\/revisions"}],"predecessor-version":[{"id":526,"href":"https:\/\/lozdog.com\/index.php\/wp-json\/wp\/v2\/pages\/516\/revisions\/526"}],"wp:attachment":[{"href":"https:\/\/lozdog.com\/index.php\/wp-json\/wp\/v2\/media?parent=516"}],"curies":[{"name":"wp","href":"https:\/\/api.w.org\/{rel}","templated":true}]}}