{"id":232,"date":"2025-01-24T09:49:06","date_gmt":"2025-01-24T08:49:06","guid":{"rendered":"https:\/\/lozdog.com\/?page_id=232"},"modified":"2026-03-04T12:20:48","modified_gmt":"2026-03-04T11:20:48","slug":"les-animations-et-demonstrations","status":"publish","type":"page","link":"https:\/\/lozdog.com\/index.php\/evenements\/les-animations-et-demonstrations\/","title":{"rendered":"Animations, initiations et d\u00e9monstrations"},"content":{"rendered":"\n<h4 class=\"wp-block-heading\">ON REGARDE, ET ON PARTICIPE ! <\/h4>\n\n\n\n<p>Au Festival <strong>Loz\u2019Dog<\/strong>, les animations sont au c\u0153ur de l\u2019\u00e9v\u00e9nement.<br>Durant tout le week-end, petits et grands pourront d\u00e9couvrir, observer, tester et partager des moments uniques autour du chien.<\/p>\n\n\n\n<p>Notre objectif : proposer des <strong>d\u00e9monstrations inspirantes<\/strong>, des <strong>initiations accessibles<\/strong> et des <strong>activit\u00e9s conviviales<\/strong>, dans le respect du bien-\u00eatre animal.<\/p>\n\n\n\n<p><strong><em>ATTENTION : CETTE PAGE EST ENCORE EN COURS DE CONSTRUCTION, NOUS AJOUTERONS LES ANIMATIONS A MESURE. LE PROGRAMME COMPLET SERA D\u00c9VOIL\u00c9 AU PLUS TARD 1 MOIS AVANT L&rsquo;\u00c9VENEMENT. <\/em><\/strong><\/p>\n\n\n\n\n","protected":false},"excerpt":{"rendered":"<p>ON REGARDE, ET ON PARTICIPE ! Au Festival Loz\u2019Dog, les animations sont au c\u0153ur de l\u2019\u00e9v\u00e9nement.Durant tout le week-end, petits et grands pourront d\u00e9couvrir, observer, tester et partager des moments uniques autour du chien. Notre objectif : proposer des d\u00e9monstrations inspirantes, des initiations accessibles et des activit\u00e9s conviviales, dans le respect du bien-\u00eatre animal. ATTENTION [&hellip;]<\/p>\n","protected":false},"author":1,"featured_media":0,"parent":31,"menu_order":0,"comment_status":"closed","ping_status":"closed","template":"","meta":{"saved_in_kubio":true,"footnotes":""},"class_list":["post-232","page","type-page","status-publish","hentry"],"kubio_ai_page_context":{"short_desc":"","purpose":"general"},"_links":{"self":[{"href":"https:\/\/lozdog.com\/index.php\/wp-json\/wp\/v2\/pages\/232","targetHints":{"allow":["GET"]}}],"collection":[{"href":"https:\/\/lozdog.com\/index.php\/wp-json\/wp\/v2\/pages"}],"about":[{"href":"https:\/\/lozdog.com\/index.php\/wp-json\/wp\/v2\/types\/page"}],"author":[{"embeddable":true,"href":"https:\/\/lozdog.com\/index.php\/wp-json\/wp\/v2\/users\/1"}],"replies":[{"embeddable":true,"href":"https:\/\/lozdog.com\/index.php\/wp-json\/wp\/v2\/comments?post=232"}],"version-history":[{"count":5,"href":"https:\/\/lozdog.com\/index.php\/wp-json\/wp\/v2\/pages\/232\/revisions"}],"predecessor-version":[{"id":579,"href":"https:\/\/lozdog.com\/index.php\/wp-json\/wp\/v2\/pages\/232\/revisions\/579"}],"up":[{"embeddable":true,"href":"https:\/\/lozdog.com\/index.php\/wp-json\/wp\/v2\/pages\/31"}],"wp:attachment":[{"href":"https:\/\/lozdog.com\/index.php\/wp-json\/wp\/v2\/media?parent=232"}],"curies":[{"name":"wp","href":"https:\/\/api.w.org\/{rel}","templated":true}]}}